{"id":226,"date":"2025-01-10T14:07:59","date_gmt":"2025-01-10T14:07:59","guid":{"rendered":"https:\/\/megmakglobal.com\/?page_id=226"},"modified":"2025-03-28T12:24:19","modified_gmt":"2025-03-28T12:24:19","slug":"%d8%a7%d9%84%d8%b3%d9%8a%d8%a7%d8%b3%d8%a7%d8%aa","status":"publish","type":"page","link":"https:\/\/megmakglobal.com\/ar\/%d8%a7%d9%84%d8%b3%d9%8a%d8%a7%d8%b3%d8%a7%d8%aa\/","title":{"rendered":"\u0633\u064a\u0627\u0633\u0627\u062a\u0646\u0627"},"content":{"rendered":"<p class=\"has-text-align-left\">\u0648\u0627\u0646\u0639\u0643\u0627\u0633\u064b\u0627 \u0644\u0644\u0623\u0647\u0645\u064a\u0629 \u0627\u0644\u062a\u064a \u062a\u0648\u0644\u064a\u0647\u0627 \u0627\u0644\u0634\u0631\u0643\u0629 \u0644\u0631\u0636\u0627 \u0627\u0644\u0639\u0645\u0644\u0627\u0621 \u0648\u0627\u0644\u0648\u0639\u064a \u0627\u0644\u0628\u064a\u0626\u064a \u0648\u062c\u0648\u062f\u0629 \u0627\u0644\u0625\u0646\u062a\u0627\u062c\u060c \u0641\u0625\u0646 \u0645\u064a\u063a \u0645\u0627\u0643\u064a\u0646\u0627 \u0644\u062f\u064a\u0647\u0627 \u0645\u0639\u0627\u064a\u064a\u0631 \u0639\u0627\u0644\u064a\u0629 \u0645\u0646 \u0627\u0644\u0633\u064a\u0627\u0633\u0627\u062a \u0641\u064a \u0643\u0644 \u0645\u062c\u0627\u0644. \u064a\u062a\u0645 \u062a\u0646\u0641\u064a\u0630 \u0647\u0630\u0647 \u0627\u0644\u0633\u064a\u0627\u0633\u0627\u062a \u0641\u064a \u0643\u0644 \u0645\u0631\u062d\u0644\u0629 \u0645\u0646 \u0645\u0631\u0627\u062d\u0644 \u0627\u0644\u0639\u0645\u0644\u064a\u0627\u062a \u0627\u0644\u062a\u062c\u0627\u0631\u064a\u0629 \u0645\u0646 \u062e\u0644\u0627\u0644 \u062a\u0628\u0646\u064a \u0645\u0628\u0627\u062f\u0626 \u0627\u0644\u0627\u0633\u062a\u062f\u0627\u0645\u0629 \u0648\u0627\u0644\u0645\u0648\u062b\u0648\u0642\u064a\u0629 \u0648\u0627\u0644\u062a\u0645\u064a\u0632.<\/p>\n\n\n\n<p class=\"has-text-align-left\"><strong>\u0633\u064a\u0627\u0633\u0629 \u0631\u0636\u0627 \u0627\u0644\u0639\u0645\u0644\u0627\u0621:<\/strong> \u0646\u062d\u0646 \u0641\u064a \u0634\u0631\u0643\u0629 MEG MAK\u0130NA \u0646\u0639\u062a\u0628\u0631 \u0631\u0636\u0627 \u0627\u0644\u0639\u0645\u0644\u0627\u0621 \u0647\u0648 \u0627\u0644\u0623\u0648\u0644\u0648\u064a\u0629 \u0627\u0644\u0642\u0635\u0648\u0649. \u0641\u064a \u0643\u0644 \u0645\u0634\u0631\u0648\u0639\u060c \u0646\u0639\u0645\u0644 \u0628\u062c\u062f \u0644\u0641\u0647\u0645 \u0627\u062d\u062a\u064a\u0627\u062c\u0627\u062a \u0639\u0645\u0644\u0627\u0626\u0646\u0627 \u0648\u062a\u0644\u0628\u064a\u0629 \u062a\u0648\u0642\u0639\u0627\u062a\u0647\u0645 \u0648\u062a\u062c\u0627\u0648\u0632\u0647\u0627. \u0647\u062f\u0641\u0646\u0627 \u0647\u0648 \u0636\u0645\u0627\u0646 \u0631\u0636\u0627 \u0627\u0644\u0639\u0645\u0644\u0627\u0621 \u0628\u0634\u0643\u0644 \u0645\u0633\u062a\u0645\u0631 \u0645\u0646 \u062e\u0644\u0627\u0644 \u0627\u0644\u0645\u0646\u062a\u062c\u0627\u062a \u0639\u0627\u0644\u064a\u0629 \u0627\u0644\u062c\u0648\u062f\u0629 \u0648\u0627\u0644\u062a\u0633\u0644\u064a\u0645 \u0641\u064a \u0627\u0644\u0648\u0642\u062a \u0627\u0644\u0645\u062d\u062f\u062f \u0648\u0627\u0644\u062f\u0639\u0645 \u0627\u0644\u0641\u0639\u0627\u0644.<\/p>\n\n\n\n<p class=\"has-text-align-left\"><strong>\u0627\u0644\u0633\u064a\u0627\u0633\u0629 \u0627\u0644\u0625\u0646\u0633\u0627\u0646\u064a\u0629 \u0648\u0627\u0644\u0628\u064a\u0626\u064a\u0629:<\/strong> \u0645\u0646 \u062e\u0644\u0627\u0644 \u0627\u062a\u0628\u0627\u0639 \u0646\u0647\u062c \u064a\u0631\u0627\u0639\u064a \u0635\u062d\u0629 \u0627\u0644\u0625\u0646\u0633\u0627\u0646 \u0648\u0627\u0644\u0628\u064a\u0626\u0629\u060c \u0641\u0625\u0646\u0646\u0627 \u0646\u062f\u0645\u062c \u0645\u0628\u062f\u0623 \u0627\u0644\u0627\u0633\u062a\u062f\u0627\u0645\u0629 \u0641\u064a \u062c\u0645\u064a\u0639 \u0639\u0645\u0644\u064a\u0627\u062a\u0646\u0627 \u0627\u0644\u062a\u062c\u0627\u0631\u064a\u0629. \u0645\u0646 \u062e\u0644\u0627\u0644 \u0625\u0639\u0637\u0627\u0621 \u0627\u0644\u0623\u0648\u0644\u0648\u064a\u0629 \u0644\u0633\u0644\u0627\u0645\u0629 \u0648\u0631\u0641\u0627\u0647\u064a\u0629 \u0645\u0648\u0638\u0641\u064a\u0646\u0627 \u0648\u0627\u0633\u062a\u062e\u062f\u0627\u0645 \u062a\u0642\u0646\u064a\u0627\u062a \u0627\u0644\u0625\u0646\u062a\u0627\u062c \u0627\u0644\u0635\u062f\u064a\u0642\u0629 \u0644\u0644\u0628\u064a\u0626\u0629\u060c \u0641\u0625\u0646\u0646\u0627 \u0646\u0647\u062f\u0641 \u0625\u0644\u0649 \u0625\u0636\u0627\u0641\u0629 \u0642\u064a\u0645\u0629 \u0625\u0644\u0649 \u0645\u062c\u062a\u0645\u0639\u0646\u0627 \u0648\u0637\u0628\u064a\u0639\u062a\u0646\u0627.<\/p>\n\n\n\n<p class=\"has-text-align-left\"><strong>\u0633\u064a\u0627\u0633\u0629 \u0627\u0644\u0625\u0646\u062a\u0627\u062c \u0648\u0627\u0644\u062c\u0648\u062f\u0629:<\/strong> \u062a\u0639\u0645\u0644 \u0634\u0631\u0643\u0629 MEG MAK\u0130NA \u0628\u0627\u0633\u062a\u0645\u0631\u0627\u0631 \u0639\u0644\u0649 \u062a\u0637\u0648\u064a\u0631 \u062d\u0644\u0648\u0644 \u0645\u0628\u062a\u0643\u0631\u0629 \u0648\u0641\u0639\u0627\u0644\u0629 \u0644\u0636\u0645\u0627\u0646 \u0623\u0639\u0644\u0649 \u0645\u0633\u062a\u0648\u0649 \u0645\u0646 \u0627\u0644\u062c\u0648\u062f\u0629 \u0641\u064a \u0639\u0645\u0644\u064a\u0627\u062a \u0627\u0644\u0625\u0646\u062a\u0627\u062c. \u0645\u0646 \u062e\u0644\u0627\u0644 \u0645\u0631\u0627\u0642\u0628\u0629 \u0627\u0644\u062c\u0648\u062f\u0629 \u0628\u0634\u0643\u0644 \u062f\u0642\u064a\u0642 \u0641\u064a \u0643\u0644 \u0645\u0631\u062d\u0644\u0629\u060c \u0641\u0625\u0646\u0646\u0627 \u0646\u0642\u062f\u0645 \u0645\u0646\u062a\u062c\u0627\u062a \u062a\u0641\u0648\u0642 \u0645\u0639\u0627\u064a\u064a\u0631 \u0627\u0644\u0635\u0646\u0627\u0639\u0629 \u0648\u0646\u0644\u0628\u064a \u062a\u0648\u0642\u0639\u0627\u062a \u0627\u0644\u0639\u0645\u0644\u0627\u0621 \u0628\u0634\u0643\u0644 \u0643\u0627\u0645\u0644.<\/p>\n\n\n\n<div class=\"wp-block-cover aligncenter\"><span aria-hidden=\"true\" class=\"wp-block-cover__background has-background-dim\"><\/span><img loading=\"lazy\" decoding=\"async\" width=\"954\" height=\"1024\" class=\"wp-block-cover__image-background wp-image-1833\" alt=\"\" src=\"https:\/\/megmakglobal.com\/wp-content\/uploads\/2025\/02\/MEG-MAKINA-GLOBAL-e1741857616449-954x1024.jpeg\" data-object-fit=\"cover\" srcset=\"https:\/\/megmakglobal.com\/wp-content\/uploads\/2025\/02\/MEG-MAKINA-GLOBAL-e1741857616449-954x1024.jpeg 954w, https:\/\/megmakglobal.com\/wp-content\/uploads\/2025\/02\/MEG-MAKINA-GLOBAL-e1741857616449-280x300.jpeg 280w, https:\/\/megmakglobal.com\/wp-content\/uploads\/2025\/02\/MEG-MAKINA-GLOBAL-e1741857616449-768x824.jpeg 768w, https:\/\/megmakglobal.com\/wp-content\/uploads\/2025\/02\/MEG-MAKINA-GLOBAL-e1741857616449-11x12.jpeg 11w, https:\/\/megmakglobal.com\/wp-content\/uploads\/2025\/02\/MEG-MAKINA-GLOBAL-e1741857616449.jpeg 1200w\" sizes=\"auto, (max-width: 954px) 100vw, 954px\" \/><div class=\"wp-block-cover__inner-container is-layout-flow wp-block-cover-is-layout-flow\">\n<p class=\"has-text-align-center has-large-font-size\"><\/p>\n<\/div><\/div>\n\n\n\n<div class=\"wp-block-buttons is-content-justification-center is-layout-flex wp-container-core-buttons-is-layout-a89b3969 wp-block-buttons-is-layout-flex\">\n<div class=\"wp-block-button is-style-outline is-style-outline--1\"><a class=\"wp-block-button__link has-accent-3-background-color has-background wp-element-button\" href=\"https:\/\/megmakglobal.com\/ar\/%d8%aa%d9%88%d8%a7%d8%b5%d9%84\/\">\u062a\u0648\u0627\u0635\u0644<\/a><\/div>\n<\/div>\n\n\n\n<div class=\"wp-block-outermost-icon-block items-justified-center\"><a class=\"icon-container\" href=\"https:\/\/tr.linkedin.com\/company\/meg-maki%CC%87na-global\" style=\"width:48px;transform:rotate(0deg) scaleX(1) scaleY(1)\"><svg xmlns=\"http:\/\/www.w3.org\/2000\/svg\" viewbox=\"0 0 24 24\" aria-hidden=\"true\"><path d=\"M19.647,16.706a1.134,1.134,0,0,0-.343-.833l-2.549-2.549a1.134,1.134,0,0,0-.833-.343,1.168,1.168,0,0,0-.883.392l.233.226q.2.189.264.264a2.922,2.922,0,0,1,.184.233.986.986,0,0,1,.159.312,1.242,1.242,0,0,1,.043.337,1.172,1.172,0,0,1-1.176,1.176,1.237,1.237,0,0,1-.337-.043,1,1,0,0,1-.312-.159,2.76,2.76,0,0,1-.233-.184q-.073-.068-.264-.264l-.226-.233a1.19,1.19,0,0,0-.4.895,1.134,1.134,0,0,0,.343.833L15.837,19.3a1.13,1.13,0,0,0,.833.331,1.18,1.18,0,0,0,.833-.318l1.8-1.789a1.12,1.12,0,0,0,.343-.821Zm-8.615-8.64a1.134,1.134,0,0,0-.343-.833L8.163,4.7a1.134,1.134,0,0,0-.833-.343,1.184,1.184,0,0,0-.833.331L4.7,6.473a1.12,1.12,0,0,0-.343.821,1.134,1.134,0,0,0,.343.833l2.549,2.549a1.13,1.13,0,0,0,.833.331,1.184,1.184,0,0,0,.883-.38L8.728,10.4q-.2-.189-.264-.264A2.922,2.922,0,0,1,8.28,9.9a.986.986,0,0,1-.159-.312,1.242,1.242,0,0,1-.043-.337A1.172,1.172,0,0,1,9.254,8.079a1.237,1.237,0,0,1,.337.043,1,1,0,0,1,.312.159,2.761,2.761,0,0,1,.233.184q.073.068.264.264l.226.233a1.19,1.19,0,0,0,.4-.895ZM22,16.706a3.343,3.343,0,0,1-1.042,2.488l-1.8,1.789a3.536,3.536,0,0,1-4.988-.025l-2.525-2.537a3.384,3.384,0,0,1-1.017-2.488,3.448,3.448,0,0,1,1.078-2.561l-1.078-1.078a3.434,3.434,0,0,1-2.549,1.078,3.4,3.4,0,0,1-2.5-1.029L3.029,9.794A3.4,3.4,0,0,1,2,7.294,3.343,3.343,0,0,1,3.042,4.806l1.8-1.789A3.384,3.384,0,0,1,7.331,2a3.357,3.357,0,0,1,2.5,1.042l2.525,2.537a3.384,3.384,0,0,1,1.017,2.488,3.448,3.448,0,0,1-1.078,2.561l1.078,1.078a3.551,3.551,0,0,1,5.049-.049l2.549,2.549A3.4,3.4,0,0,1,22,16.706Z\"><\/path><\/svg><\/a><\/div>","protected":false},"excerpt":{"rendered":"<p>Meg makina, m\u00fc\u015fteri memnuniyeti, \u00e7evre duyarl\u0131l\u0131\u011f\u0131 ve \u00fcretim kalitesine verdi\u011fi \u00f6nemin bir yans\u0131mas\u0131 olarak, her alanda y\u00fcksek standartlarda politikalara sahiptir. Bu politikalar, s\u00fcrd\u00fcr\u00fclebilirlik, g\u00fcvenilirlik ve m\u00fckemmellik ilkelerini benimseyerek, i\u015f s\u00fcre\u00e7lerinin her a\u015famas\u0131nda uygulanmaktad\u0131r. M\u00fc\u015fteri Memnuniyeti Politikas\u0131: MEG MAK\u0130NA olarak, m\u00fc\u015fteri memnuniyetini en y\u00fcksek \u00f6ncelik olarak kabul ediyoruz. Her projede, m\u00fc\u015fterilerimizin ihtiya\u00e7lar\u0131n\u0131 anlamak, beklentilerini kar\u015f\u0131lamak ve [&hellip;]<\/p>\n","protected":false},"author":2,"featured_media":2011,"parent":0,"menu_order":0,"comment_status":"closed","ping_status":"closed","template":"","meta":{"om_disable_all_campaigns":false,"footnotes":""},"class_list":["post-226","page","type-page","status-publish","has-post-thumbnail","hentry"],"aioseo_notices":[],"_links":{"self":[{"href":"https:\/\/megmakglobal.com\/ar\/wp-json\/wp\/v2\/pages\/226","targetHints":{"allow":["GET"]}}],"collection":[{"href":"https:\/\/megmakglobal.com\/ar\/wp-json\/wp\/v2\/pages"}],"about":[{"href":"https:\/\/megmakglobal.com\/ar\/wp-json\/wp\/v2\/types\/page"}],"author":[{"embeddable":true,"href":"https:\/\/megmakglobal.com\/ar\/wp-json\/wp\/v2\/users\/2"}],"replies":[{"embeddable":true,"href":"https:\/\/megmakglobal.com\/ar\/wp-json\/wp\/v2\/comments?post=226"}],"version-history":[{"count":8,"href":"https:\/\/megmakglobal.com\/ar\/wp-json\/wp\/v2\/pages\/226\/revisions"}],"predecessor-version":[{"id":2209,"href":"https:\/\/megmakglobal.com\/ar\/wp-json\/wp\/v2\/pages\/226\/revisions\/2209"}],"wp:featuredmedia":[{"embeddable":true,"href":"https:\/\/megmakglobal.com\/ar\/wp-json\/wp\/v2\/media\/2011"}],"wp:attachment":[{"href":"https:\/\/megmakglobal.com\/ar\/wp-json\/wp\/v2\/media?parent=226"}],"curies":[{"name":"\u062f\u0628\u0644\u064a\u0648 \u0628\u064a","href":"https:\/\/api.w.org\/{rel}","templated":true}]}}