{"id":29,"date":"2024-05-29T07:51:27","date_gmt":"2024-05-29T07:51:27","guid":{"rendered":"https:\/\/megmakglobal.com\/?page_id=29"},"modified":"2025-05-02T06:41:37","modified_gmt":"2025-05-02T06:41:37","slug":"%d0%be%d0%b1%d1%89%d0%b5%d0%bd%d0%b8%d0%b5","status":"publish","type":"page","link":"https:\/\/megmakglobal.com\/ru\/%d0%be%d0%b1%d1%89%d0%b5%d0%bd%d0%b8%d0%b5\/","title":{"rendered":"\u0421\u0432\u044f\u0437\u0430\u0442\u044c\u0441\u044f \u0441"},"content":{"rendered":"<p class=\"has-text-align-center\">Meg Makina Global \u0410\u0441\u0444\u0430\u043b\u044c\u0442\u043e\u0432\u044b\u0435 \u0437\u0430\u0432\u043e\u0434\u044b \u0438 \u0431\u0435\u0442\u043e\u043d\u043d\u044b\u0435 \u0437\u0430\u0432\u043e\u0434\u044b - \u041a\u043e\u043d\u0442\u0430\u043a\u0442\u044b<\/p>\n\n\n\n<div class=\"wp-block-columns alignwide is-layout-flex wp-container-core-columns-is-layout-a85f4655 wp-block-columns-is-layout-flex\">\n<div class=\"wp-block-column is-layout-flow wp-block-column-is-layout-flow\" style=\"padding-top:var(--wp--preset--spacing--10);padding-bottom:var(--wp--preset--spacing--10)\">\n<div class=\"wp-block-group has-background has-global-padding is-layout-constrained wp-block-group-is-layout-constrained\" style=\"background-color:#232323\">\n<div class=\"wp-block-group has-base-2-color has-text-color has-link-color wp-elements-572af5d0d944ae02c85a0b522e052d43 is-vertical is-layout-flex wp-container-core-group-is-layout-214069c6 wp-block-group-is-layout-flex\" style=\"border-top-color:var(--wp--preset--color--accent-3);border-top-width:3px;padding-top:var(--wp--preset--spacing--30);padding-right:var(--wp--preset--spacing--10);padding-bottom:var(--wp--preset--spacing--30);padding-left:var(--wp--preset--spacing--10)\">\n<div class=\"wp-block-group is-nowrap is-layout-flex wp-container-core-group-is-layout-5da3ba9d wp-block-group-is-layout-flex\">\n<div class=\"wp-block-outermost-icon-block\"><div class=\"icon-container has-icon-color has-accent-3-color\" style=\"color:#f7c02d;width:35px;transform:rotate(0deg) scaleX(1) scaleY(1)\"><svg xmlns=\"http:\/\/www.w3.org\/2000\/svg\" viewbox=\"0 0 24 24\" aria-hidden=\"true\"><path d=\"M12 9c-.8 0-1.5.7-1.5 1.5S11.2 12 12 12s1.5-.7 1.5-1.5S12.8 9 12 9zm0-5c-3.6 0-6.5 2.8-6.5 6.2 0 .8.3 1.8.9 3.1.5 1.1 1.2 2.3 2 3.6.7 1 3 3.8 3.2 3.9l.4.5.4-.5c.2-.2 2.6-2.9 3.2-3.9.8-1.2 1.5-2.5 2-3.6.6-1.3.9-2.3.9-3.1C18.5 6.8 15.6 4 12 4zm4.3 8.7c-.5 1-1.1 2.2-1.9 3.4-.5.7-1.7 2.2-2.4 3-.7-.8-1.9-2.3-2.4-3-.8-1.2-1.4-2.3-1.9-3.3-.6-1.4-.7-2.2-.7-2.5 0-2.6 2.2-4.7 5-4.7s5 2.1 5 4.7c0 .2-.1 1-.7 2.4z\"><\/path><\/svg><\/div><\/div>\n\n\n\n<div class=\"wp-block-group has-small-font-size is-vertical is-layout-flex wp-container-core-group-is-layout-4b827052 wp-block-group-is-layout-flex\">\n<p>\u0413\u041e\u041b\u041e\u0412\u041d\u041e\u0419 \u041e\u0424\u0418\u0421<br>Ostim OSB Uzay\u00e7a\u011f\u0131 Cad. No:154\/35 \u0415\u043d\u0438\u043c\u0430\u0445\u0430\u043b\u043b\u0435 \u0410\u041d\u041a\u0410\u0420\u0410<\/p>\n<\/div>\n<\/div>\n\n\n\n<div class=\"wp-block-group is-nowrap is-layout-flex wp-container-core-group-is-layout-5da3ba9d wp-block-group-is-layout-flex\">\n<div class=\"wp-block-outermost-icon-block\"><div class=\"icon-container has-icon-color has-accent-3-color\" style=\"color:#f7c02d;width:35px;transform:rotate(0deg) scaleX(1) scaleY(1)\"><svg xmlns=\"http:\/\/www.w3.org\/2000\/svg\" viewbox=\"0 0 24 24\" aria-hidden=\"true\"><path d=\"M12 9c-.8 0-1.5.7-1.5 1.5S11.2 12 12 12s1.5-.7 1.5-1.5S12.8 9 12 9zm0-5c-3.6 0-6.5 2.8-6.5 6.2 0 .8.3 1.8.9 3.1.5 1.1 1.2 2.3 2 3.6.7 1 3 3.8 3.2 3.9l.4.5.4-.5c.2-.2 2.6-2.9 3.2-3.9.8-1.2 1.5-2.5 2-3.6.6-1.3.9-2.3.9-3.1C18.5 6.8 15.6 4 12 4zm4.3 8.7c-.5 1-1.1 2.2-1.9 3.4-.5.7-1.7 2.2-2.4 3-.7-.8-1.9-2.3-2.4-3-.8-1.2-1.4-2.3-1.9-3.3-.6-1.4-.7-2.2-.7-2.5 0-2.6 2.2-4.7 5-4.7s5 2.1 5 4.7c0 .2-.1 1-.7 2.4z\"><\/path><\/svg><\/div><\/div>\n\n\n\n<div class=\"wp-block-group has-small-font-size is-vertical is-layout-flex wp-container-core-group-is-layout-4b827052 wp-block-group-is-layout-flex\">\n<p>FACTORY<br>\u041e\u0421\u041f \u0411\u0430\u0448\u043a\u0435\u043d\u0442 \u0411\u0443\u043b\u044c\u0432\u0430\u0440 \u0410\u0442\u0430\u0442\u044e\u0440\u043a\u0430 No:23<br>\u041c\u0430\u043b\u044b\u043a\u0451\u0439 \u0421\u0438\u043d\u043a\u0430\u043d \u0410\u041d\u041a\u0410\u0420\u0410<\/p>\n<\/div>\n<\/div>\n\n\n\n<div class=\"wp-block-group is-nowrap is-layout-flex wp-container-core-group-is-layout-5da3ba9d wp-block-group-is-layout-flex\">\n<div class=\"wp-block-outermost-icon-block\"><div class=\"icon-container has-icon-color has-accent-3-color\" style=\"color:#f7c02d;width:35px;transform:rotate(0deg) scaleX(1) scaleY(1)\"><svg xmlns=\"http:\/\/www.w3.org\/2000\/svg\" viewbox=\"0 0 128 128\" aria-hidden=\"true\"><path d=\"M28.9700376,63.3244248 C47.6273373,55.1957357 60.0684594,49.8368063 66.2934036,47.2476366 C84.0668845,39.855031 87.7600616,38.5708563 90.1672227,38.528 C90.6966555,38.5191258 91.8804274,38.6503351 92.6472251,39.2725385 C93.294694,39.7979149 93.4728387,40.5076237 93.5580865,41.0057381 C93.6433345,41.5038525 93.7494885,42.63857 93.6651041,43.5252052 C92.7019529,53.6451182 88.5344133,78.2034783 86.4142057,89.5379542 C85.5170662,94.3339958 83.750571,95.9420841 82.0403991,96.0994568 C78.3237996,96.4414641 75.5015827,93.6432685 71.9018743,91.2836143 C66.2690414,87.5912212 63.0868492,85.2926952 57.6192095,81.6896017 C51.3004058,77.5256038 55.3966232,75.2369981 58.9976911,71.4967761 C59.9401076,70.5179421 76.3155302,55.6232293 76.6324771,54.2720454 C76.6721165,54.1030573 76.7089039,53.4731496 76.3346867,53.1405352 C75.9604695,52.8079208 75.4081573,52.921662 75.0095933,53.0121213 C74.444641,53.1403447 65.4461175,59.0880351 48.0140228,70.8551922 C45.4598218,72.6091037 43.1463059,73.4636682 41.0734751,73.4188859 C38.7883453,73.3695169 34.3926725,72.1268388 31.1249416,71.0646282 C27.1169366,69.7617838 23.931454,69.0729605 24.208838,66.8603276 C24.3533167,65.7078514 25.9403832,64.5292172 28.9700376,63.3244248 Z\"><\/path><\/svg><\/div><\/div>\n\n\n\n<div class=\"wp-block-group has-small-font-size is-vertical is-layout-flex wp-container-core-group-is-layout-4b827052 wp-block-group-is-layout-flex\">\n<p>info@megmakglobal.com<br>global@megmakglobal.com<\/p>\n<\/div>\n<\/div>\n\n\n\n<div class=\"wp-block-group is-nowrap is-layout-flex wp-container-core-group-is-layout-5da3ba9d wp-block-group-is-layout-flex\">\n<div class=\"wp-block-outermost-icon-block\"><div class=\"icon-container has-icon-color has-accent-3-color\" style=\"color:#f7c02d;width:35px;transform:rotate(0deg) scaleX(1) scaleY(1)\"><svg xmlns=\"http:\/\/www.w3.org\/2000\/svg\" viewbox=\"0 0 24 24\" aria-hidden=\"true\"><path d=\"M15 4H9c-1.1 0-2 .9-2 2v12c0 1.1.9 2 2 2h6c1.1 0 2-.9 2-2V6c0-1.1-.9-2-2-2zm.5 14c0 .3-.2.5-.5.5H9c-.3 0-.5-.2-.5-.5V6c0-.3.2-.5.5-.5h6c.3 0 .5.2.5.5v12zm-4.5-.5h2V16h-2v1.5z\"><\/path><\/svg><\/div><\/div>\n\n\n\n<div class=\"wp-block-group has-small-font-size is-vertical is-layout-flex wp-container-core-group-is-layout-4b827052 wp-block-group-is-layout-flex\">\n<p class=\"has-text-align-left\"><strong>+90 312 512 70 12<br>+90 531 546 72 46<\/strong><\/p>\n<\/div>\n<\/div>\n<\/div>\n<\/div>\n\n\n\n<div class=\"wp-block-group is-vertical is-content-justification-center is-layout-flex wp-container-core-group-is-layout-ad750207 wp-block-group-is-layout-flex\" style=\"padding-top:0;padding-right:0;padding-bottom:0;padding-left:0\">\n<iframe src=\"https:\/\/www.google.com\/maps\/embed?pb=!1m18!1m12!1m3!1d194.77905253718015!2d32.74708121776688!3d39.98534466536267!2m3!1f0!2f0!3f0!3m2!1i1024!2i768!4f13.1!3m3!1m2!1s0x14d3496a82b0e523%3A0x101b7f9d60c5101b!2sBatemak%20Asfalt%20Plent%20ve%20Ekipmanlar%C4%B1!5e0!3m2!1str!2str!4v1740382023880!5m2!1str!2str\" width=\"100%\" height=\"250\" style=\"border:0;\" allowfullscreen=\"\" loading=\"lazy\" referrerpolicy=\"no-referrer-when-downgrade\"><\/iframe>\n\n\n\n<iframe src=\"https:\/\/www.google.com\/maps\/embed?pb=!1m18!1m12!1m3!1d947.1294529912253!2d32.39007747716199!3d39.79789278998742!2m3!1f0!2f0!3f0!3m2!1i1024!2i768!4f13.1!3m3!1m2!1s0x14d31dcf9c204aaf%3A0xe563b0680ab07543!2zTWFsxLFrw7Z5IEJhxZ9rZW50IE9TQiwgQXRhdMO8cmsgQmx2LiBObzoyMywgMDY5MDkgU2luY2FuL0Fua2FyYQ!5e0!3m2!1str!2str!4v1740387767464!5m2!1str!2str\" width=\"100%\" height=\"250\" style=\"border:0;\" allowfullscreen=\"\" loading=\"lazy\" referrerpolicy=\"no-referrer-when-downgrade\"><\/iframe>\n<\/div>\n<\/div>\n\n\n\n<div class=\"wp-block-column is-layout-flow wp-block-column-is-layout-flow\"><div class=\"cfcf7-block-container\"><div style=\"--cfcf7-block-bg:#fff; --cfcf7-block-line-height:1.4em; --cfcf7-block-font-size:17px; --cfcf7-block-padding-top:1em; --cfcf7-block-padding-sides:3em; --cfcf7-block-padding-bottom:2em; --cfcf7-block-margin-top:0em; --cfcf7-block-margin-sides:0em; --cfcf7-block-margin-bottom:0em; --cfcf7-block-radius:2em; --cfcf7-block-radius-top-left:2em; --cfcf7-block-radius-top-right:2em; --cfcf7-block-radius-bottom-left:2em; --cfcf7-block-radius-bottom-right:2em; --cfcf7-block-shadow:0em 0.5em 5em -3em black; --cfcf7-block-border-style:none; --cfcf7-block-border-width:0; --cfcf7-block-border-color:black; background-color:var(--cfcf7-block-bg); line-height:var(--cfcf7-block-line-height) !important; font-size:var(--cfcf7-block-font-size); padding-top:var(--cfcf7-block-padding-top); padding-left:var(--cfcf7-block-padding-sides); padding-right:var(--cfcf7-block-padding-sides); padding-bottom:var(--cfcf7-block-padding-bottom); margin-top:var(--cfcf7-block-margin-top); margin-left:var(--cfcf7-block-margin-sides); margin-right:var(--cfcf7-block-margin-sides); margin-bottom:var(--cfcf7-block-margin-bottom); border-top-left-radius:var(--cfcf7-block-radius-top-left, var(--cfcf7-block-radius, 0)); border-top-right-radius:var(--cfcf7-block-radius-top-right, var(--cfcf7-block-radius, 0)); border-bottom-left-radius:var(--cfcf7-block-radius-bottom-left, var(--cfcf7-block-radius, 0)); border-bottom-right-radius:var(--cfcf7-block-radius-bottom-right, var(--cfcf7-block-radius, 0)); box-shadow:var(--cfcf7-block-shadow); border-style:var(--cfcf7-block-border-style); border-width:var(--cfcf7-block-border-width); border-color:var(--cfcf7-block-border-color);\" class=\"cfcf7-block cfcf7-instance-1 wp-block-mofistudio-customizer-block-cf7\">\n<div class=\"wpcf7 no-js\" id=\"wpcf7-f28-o1\" lang=\"tr-TR\" dir=\"ltr\" data-wpcf7-id=\"28\">\n<div class=\"screen-reader-response\"><p role=\"status\" aria-live=\"polite\" aria-atomic=\"true\"><\/p> <ul><\/ul><\/div>\n<form action=\"\/ru\/wp-json\/wp\/v2\/pages\/29#wpcf7-f28-o1\" method=\"post\" class=\"wpcf7-form init\" aria-label=\"\u041a\u043e\u043d\u0442\u0430\u043a\u0442\u043d\u0430\u044f \u0444\u043e\u0440\u043c\u0430\" novalidate=\"novalidate\" data-status=\"init\" data-trp-original-action=\"\/ru\/wp-json\/wp\/v2\/pages\/29#wpcf7-f28-o1\">\n<fieldset class=\"hidden-fields-container\"><input type=\"hidden\" name=\"_wpcf7\" value=\"28\" \/><input type=\"hidden\" name=\"_wpcf7_version\" value=\"6.1.5\" \/><input type=\"hidden\" name=\"_wpcf7_locale\" value=\"tr_TR\" \/><input type=\"hidden\" name=\"_wpcf7_unit_tag\" value=\"wpcf7-f28-o1\" \/><input type=\"hidden\" name=\"_wpcf7_container_post\" value=\"0\" \/><input type=\"hidden\" name=\"_wpcf7_posted_data_hash\" value=\"\" \/>\n<\/fieldset>\n<p><label> \u0412\u0430\u0448\u0435 \u0438\u043c\u044f<br \/>\n<span class=\"wpcf7-form-control-wrap\" data-name=\"your-name\"><input size=\"40\" maxlength=\"400\" class=\"wpcf7-form-control wpcf7-text wpcf7-validates-as-required\" autocomplete=\"name\" aria-required=\"true\" aria-invalid=\"false\" value=\"\" type=\"text\" name=\"your-name\" \/><\/span> <\/label>\n<\/p>\n<p><label> \u0412\u0430\u0448 \u0430\u0434\u0440\u0435\u0441 \u044d\u043b\u0435\u043a\u0442\u0440\u043e\u043d\u043d\u043e\u0439 \u043f\u043e\u0447\u0442\u044b<br \/>\n<span class=\"wpcf7-form-control-wrap\" data-name=\"your-email\"><input size=\"40\" maxlength=\"400\" class=\"wpcf7-form-control wpcf7-email wpcf7-validates-as-required wpcf7-text wpcf7-validates-as-email\" autocomplete=\"email\" aria-required=\"true\" aria-invalid=\"false\" value=\"\" type=\"email\" name=\"your-email\" \/><\/span> <\/label>\n<\/p>\n<p><label> \u0422\u0435\u043c\u0430<br \/>\n<span class=\"wpcf7-form-control-wrap\" data-name=\"your-subject\"><input size=\"40\" maxlength=\"400\" class=\"wpcf7-form-control wpcf7-text wpcf7-validates-as-required\" aria-required=\"true\" aria-invalid=\"false\" value=\"\" type=\"text\" name=\"your-subject\" \/><\/span> <\/label>\n<\/p>\n<p><label> \u0412\u0430\u0448\u0435 \u0441\u043e\u043e\u0431\u0449\u0435\u043d\u0438\u0435 (\u043d\u0435\u043e\u0431\u044f\u0437\u0430\u0442\u0435\u043b\u044c\u043d\u043e)<br \/>\n<span class=\"wpcf7-form-control-wrap\" data-name=\"your-message\"><textarea cols=\"40\" rows=\"10\" maxlength=\"2000\" class=\"wpcf7-form-control wpcf7-textarea\" aria-invalid=\"false\" name=\"your-message\"><\/textarea><\/span> <\/label>\n<\/p>\n<p><input class=\"wpcf7-form-control wpcf7-submit has-spinner wp-block-button__link has-accent-4-color has-accent-3-background-color has-text-color has-background has-link-color wp-element-button\" type=\"submit\" value=\"\u041e\u0442\u043f\u0440\u0430\u0432\u0438\u0442\u044c\" \/>\n<\/p><div class=\"wpcf7-response-output\" aria-hidden=\"true\"><\/div>\n<input type=\"hidden\" name=\"trp-form-language\" value=\"ru\"\/><\/form>\n<\/div>\n<\/div><\/div><\/div>\n<\/div>\n\n\n\n<div class=\"wp-block-buttons is-content-justification-center is-layout-flex wp-container-core-buttons-is-layout-a89b3969 wp-block-buttons-is-layout-flex\">\n<div class=\"wp-block-button is-style-outline is-style-outline--2\"><a class=\"wp-block-button__link has-accent-3-background-color has-background wp-element-button\">Meg Makina Global - Meet Premium<\/a><\/div>\n<\/div>\n\n\n\n<div class=\"wp-block-outermost-icon-block items-justified-center\"><a class=\"icon-container\" href=\"https:\/\/tr.linkedin.com\/company\/meg-maki%CC%87na-global\" style=\"width:48px;transform:rotate(0deg) scaleX(1) scaleY(1)\"><svg xmlns=\"http:\/\/www.w3.org\/2000\/svg\" viewbox=\"0 0 24 24\" aria-hidden=\"true\"><path d=\"M10 11c-1.588-.479-4-.91-4-.91s2-.241 4-.454c1.8-.191 3.365-.502 4-3.181C14.635 3.775 15 1 15 1s.365 2.775 1 5.455c.635 2.679 2 2.969 4 3.181 2 .213 4 .455 4 .455s-2.412.43-4 .909c-1.588.479-3 1-4 4.546-.746 2.643-.893 4.948-1 5.454-.107-.506-.167-2.5-1-5.454C13 12 11.588 11.479 10 11zM7.333 3.5C6.803 3.333 6 3.182 6 3.182s.667-.085 1.333-.16c.6-.066 1.122-.175 1.334-1.113C8.878.971 9 0 9 0s.122.971.333 1.91c.212.937.667 1.038 1.334 1.113.666.074 1.333.159 1.333.159s-.804.15-1.333.318c-.53.167-1 .35-1.334 1.59C9.085 6.017 9.036 6.824 9 7c-.036-.177-.056-.875-.333-1.91-.334-1.24-.804-1.423-1.334-1.59zM2.444 18C1.474 17.713 0 17.454 0 17.454s1.222-.145 2.444-.272c1.1-.115 2.057-.302 2.445-1.91C5.277 13.666 5.5 12 5.5 12s.223 1.665.611 3.273c.388 1.607 1.222 1.781 2.445 1.909 1.222.127 2.444.273 2.444.273s-1.474.258-2.444.545c-.971.287-1.834.6-2.445 2.727-.456 1.586-.546 2.97-.611 3.273-.065-.304-.102-1.5-.611-3.273C4.278 18.6 3.415 18.287 2.444 18z\"><\/path><\/svg><\/a><\/div>","protected":false},"excerpt":{"rendered":"<p>Meg Makina Global \u0410\u0441\u0444\u0430\u043b\u044c\u0442\u043e\u0432\u044b\u0435 \u0437\u0430\u0432\u043e\u0434\u044b \u0438 \u0431\u0435\u0442\u043e\u043d\u043d\u044b\u0435 \u0437\u0430\u0432\u043e\u0434\u044b - \u041a\u043e\u043d\u0442\u0430\u043a\u0442\u044b<\/p>","protected":false},"author":1,"featured_media":0,"parent":0,"menu_order":0,"comment_status":"closed","ping_status":"closed","template":"","meta":{"om_disable_all_campaigns":false,"footnotes":""},"class_list":["post-29","page","type-page","status-publish","hentry"],"aioseo_notices":[],"_links":{"self":[{"href":"https:\/\/megmakglobal.com\/ru\/wp-json\/wp\/v2\/pages\/29","targetHints":{"allow":["GET"]}}],"collection":[{"href":"https:\/\/megmakglobal.com\/ru\/wp-json\/wp\/v2\/pages"}],"about":[{"href":"https:\/\/megmakglobal.com\/ru\/wp-json\/wp\/v2\/types\/page"}],"author":[{"embeddable":true,"href":"https:\/\/megmakglobal.com\/ru\/wp-json\/wp\/v2\/users\/1"}],"replies":[{"embeddable":true,"href":"https:\/\/megmakglobal.com\/ru\/wp-json\/wp\/v2\/comments?post=29"}],"version-history":[{"count":40,"href":"https:\/\/megmakglobal.com\/ru\/wp-json\/wp\/v2\/pages\/29\/revisions"}],"predecessor-version":[{"id":2041,"href":"https:\/\/megmakglobal.com\/ru\/wp-json\/wp\/v2\/pages\/29\/revisions\/2041"}],"wp:attachment":[{"href":"https:\/\/megmakglobal.com\/ru\/wp-json\/wp\/v2\/media?parent=29"}],"curies":[{"name":"wp","href":"https:\/\/api.w.org\/{rel}","templated":true}]}}