{"id":54,"date":"2024-05-29T08:21:55","date_gmt":"2024-05-29T08:21:55","guid":{"rendered":"https:\/\/megmakglobal.com\/?page_id=54"},"modified":"2025-03-22T10:15:32","modified_gmt":"2025-03-22T10:15:32","slug":"%d0%be-%d1%81%d1%88%d0%b0","status":"publish","type":"page","link":"https:\/\/megmakglobal.com\/ru\/%d0%be-%d1%81%d1%88%d0%b0\/","title":{"rendered":"\u041e \u043d\u0430\u0441"},"content":{"rendered":"<p>\u041e \u043d\u0430\u0441;<\/p>\n\n\n\n<p>Meg Makina \u0410\u0441\u0444\u0430\u043b\u044c\u0442\u043e\u0432\u044b\u0435 \u0437\u0430\u0432\u043e\u0434\u044b \u0438 \u043e\u0431\u043e\u0440\u0443\u0434\u043e\u0432\u0430\u043d\u0438\u0435 \u0438 \u0411\u0435\u0442\u043e\u043d\u043d\u044b\u0435 \u0437\u0430\u0432\u043e\u0434\u044b \u0438 \u043e\u0431\u043e\u0440\u0443\u0434\u043e\u0432\u0430\u043d\u0438\u0435<\/p>\n\n\n\n<p class=\"has-text-align-left\">\u041a\u043e\u043c\u043f\u0430\u043d\u0438\u044f Meg Makina, \u043d\u0430\u0447\u0430\u0432\u0448\u0430\u044f \u0441\u0432\u043e\u044e \u043f\u0440\u043e\u0438\u0437\u0432\u043e\u0434\u0441\u0442\u0432\u0435\u043d\u043d\u0443\u044e \u0434\u0435\u044f\u0442\u0435\u043b\u044c\u043d\u043e\u0441\u0442\u044c \u0432 1990 \u0433\u043e\u0434\u0443, \u0441\u0442\u0430\u043b\u0430 \u043f\u0438\u043e\u043d\u0435\u0440\u043e\u043c \u0432 \u0441\u0432\u043e\u0435\u0439 \u043e\u0442\u0440\u0430\u0441\u043b\u0438 \u0431\u043b\u0430\u0433\u043e\u0434\u0430\u0440\u044f \u043e\u043f\u044b\u0442\u043d\u043e\u043c\u0443 \u043f\u0435\u0440\u0441\u043e\u043d\u0430\u043b\u0443, \u043c\u043e\u0449\u043d\u043e\u0439 \u0438\u043d\u0444\u0440\u0430\u0441\u0442\u0440\u0443\u043a\u0442\u0443\u0440\u0435 \u0438 \u0432\u0435\u0440\u0435 \u0432 \u0438\u043d\u043d\u043e\u0432\u0430\u0446\u0438\u0438.<\/p>\n\n\n\n<p>\u041a\u043e\u043c\u043f\u0430\u043d\u0438\u044f Meg Makina, \u0442\u0449\u0430\u0442\u0435\u043b\u044c\u043d\u043e \u043e\u0441\u0443\u0449\u0435\u0441\u0442\u0432\u043b\u044f\u044e\u0449\u0430\u044f \u043a\u043e\u043d\u0442\u0440\u043e\u043b\u044c \u043a\u0430\u0447\u0435\u0441\u0442\u0432\u0430 \u043d\u0430 \u043a\u0430\u0436\u0434\u043e\u043c \u044d\u0442\u0430\u043f\u0435 \u043f\u0440\u043e\u0438\u0437\u0432\u043e\u0434\u0441\u0442\u0432\u0430, \u0432\u0437\u044f\u043b\u0430 \u0437\u0430 \u043f\u0440\u0438\u043d\u0446\u0438\u043f \u043e\u043f\u044b\u0442, \u043a\u0430\u0447\u0435\u0441\u0442\u0432\u043e, \u0434\u043e\u0432\u0435\u0440\u0438\u0435 \u0438 \u0443\u0434\u043e\u0432\u043b\u0435\u0442\u0432\u043e\u0440\u0435\u043d\u043d\u043e\u0441\u0442\u044c \u0438 \u043e\u0441\u0443\u0449\u0435\u0441\u0442\u0432\u043b\u044f\u0435\u0442 \u0441\u0432\u043e\u044e \u043f\u0440\u043e\u0438\u0437\u0432\u043e\u0434\u0441\u0442\u0432\u0435\u043d\u043d\u0443\u044e \u0434\u0435\u044f\u0442\u0435\u043b\u044c\u043d\u043e\u0441\u0442\u044c \u0432 \u044d\u0442\u0438\u0445 \u0440\u0430\u043c\u043a\u0430\u0445.<\/p>\n\n\n\n<p>\u0412 1990-\u0445 \u0433\u043e\u0434\u0430\u0445 \u043a\u043e\u043c\u043f\u0430\u043d\u0438\u044f Meg Makine, \u043a\u043e\u0442\u043e\u0440\u0430\u044f \u0441\u043e \u0441\u0432\u043e\u0435\u0439 \u0441\u043e\u0431\u0441\u0442\u0432\u0435\u043d\u043d\u043e\u0439 \u043a\u043e\u043c\u0430\u043d\u0434\u043e\u0439 \u043e\u0441\u0443\u0449\u0435\u0441\u0442\u0432\u043b\u044f\u043b\u0430 \u0432\u0441\u0435 \u043f\u0440\u043e\u0438\u0437\u0432\u043e\u0434\u0441\u0442\u0432\u043e \u0432\u0441\u0435\u043c\u0438\u0440\u043d\u043e \u0438\u0437\u0432\u0435\u0441\u0442\u043d\u044b\u0445 \u0430\u0441\u0444\u0430\u043b\u044c\u0442\u043e\u0432\u044b\u0445 \u0437\u0430\u0432\u043e\u0434\u043e\u0432 \u0438 \u0431\u0435\u0442\u043e\u043d\u043d\u044b\u0445 \u0437\u0430\u0432\u043e\u0434\u043e\u0432, \u043f\u043e\u0441\u0442\u0430\u0432\u0438\u043b\u0430 \u0441\u0432\u043e\u044e \u043f\u043e\u0434\u043f\u0438\u0441\u044c \u043d\u0430 \u043f\u0440\u0435\u0434\u043f\u0440\u0438\u044f\u0442\u0438\u044f\u0445, \u0440\u0430\u0441\u043f\u043e\u043b\u043e\u0436\u0435\u043d\u043d\u044b\u0445 \u043d\u0430 \u0432\u0441\u0435\u0445 \u043a\u043e\u043d\u0442\u0438\u043d\u0435\u043d\u0442\u0430\u0445 \u043c\u0438\u0440\u0430. \u0412 2022 \u0433\u043e\u0434\u0443 \u043e\u043d\u0430 \u043d\u0430\u0447\u0430\u043b\u0430 \u043f\u0440\u043e\u0438\u0437\u0432\u043e\u0434\u0438\u0442\u044c \u043f\u0440\u043e\u0434\u0443\u043a\u0446\u0438\u044e \u043f\u043e\u0434 \u0441\u043e\u0431\u0441\u0442\u0432\u0435\u043d\u043d\u044b\u043c \u0431\u0440\u0435\u043d\u0434\u043e\u043c \u043d\u0430 \u0441\u043e\u0431\u0441\u0442\u0432\u0435\u043d\u043d\u044b\u0445 \u0437\u0430\u0432\u043e\u0434\u0430\u0445 \u0438 \u043d\u0435\u0441\u0442\u0438 \u043a\u0430\u0447\u0435\u0441\u0442\u0432\u043e \u0432 \u043c\u0438\u0440.<\/p>\n\n\n\n<p>\u041a\u043e\u043c\u043f\u0430\u043d\u0438\u044f Meg Makina, \u043e\u0431\u043b\u0430\u0434\u0430\u044e\u0449\u0430\u044f \u0448\u0438\u0440\u043e\u043a\u043e\u0439 \u043f\u0440\u043e\u0438\u0437\u0432\u043e\u0434\u0441\u0442\u0432\u0435\u043d\u043d\u043e\u0439 \u0442\u0440\u0430\u0441\u0441\u043e\u0439 \u0438 \u0441\u0430\u043c\u044b\u043c \u0441\u043e\u0432\u0440\u0435\u043c\u0435\u043d\u043d\u044b\u043c \u043e\u0431\u043e\u0440\u0443\u0434\u043e\u0432\u0430\u043d\u0438\u0435\u043c, \u0441 \u043a\u0430\u0436\u0434\u044b\u043c \u0434\u043d\u0435\u043c \u0443\u0432\u0435\u043b\u0438\u0447\u0438\u0432\u0430\u0435\u0442 \u0441\u0432\u043e\u0438 \u043f\u0440\u043e\u0438\u0437\u0432\u043e\u0434\u0441\u0442\u0432\u0435\u043d\u043d\u044b\u0435 \u0438 \u0440\u044b\u043d\u043e\u0447\u043d\u044b\u0435 \u0432\u043e\u0437\u043c\u043e\u0436\u043d\u043e\u0441\u0442\u0438 \u0432 \u0440\u0430\u043c\u043a\u0430\u0445 \u0441\u0432\u043e\u0435\u0439 \u043d\u0430\u0443\u0447\u043d\u043e-\u0438\u0441\u0441\u043b\u0435\u0434\u043e\u0432\u0430\u0442\u0435\u043b\u044c\u0441\u043a\u043e\u0439 \u0434\u0435\u044f\u0442\u0435\u043b\u044c\u043d\u043e\u0441\u0442\u0438. Meg Makina, \u043a\u043e\u0442\u043e\u0440\u0430\u044f \u0440\u0430\u0431\u043e\u0442\u0430\u0435\u0442 \u0431\u0435\u0437 \u043e\u0441\u0442\u0430\u043d\u043e\u0432\u043a\u0438, \u0432\u0435\u0440\u044f \u0432 \u0443\u0441\u0442\u043e\u0439\u0447\u0438\u0432\u044b\u0439 \u0440\u043e\u0441\u0442, \u044d\u043a\u0441\u043f\u043e\u0440\u0442\u0438\u0440\u0443\u0435\u0442 \u043f\u0440\u043e\u0434\u0443\u043a\u0446\u0438\u044e \u0432\u043e \u043c\u043d\u043e\u0433\u0438\u0435 \u0441\u0442\u0440\u0430\u043d\u044b \u043c\u0438\u0440\u0430, \u043e\u0441\u043e\u0431\u0435\u043d\u043d\u043e \u0432 \u0415\u0432\u0440\u043e\u043f\u0443, \u0410\u0437\u0438\u044e \u0438 \u0410\u0444\u0440\u0438\u043a\u0443.<\/p>\n\n\n\n<p class=\"has-text-align-left\">\u0412\u0441\u0435 \u043c\u0430\u0448\u0438\u043d\u044b \u0438 \u0443\u0441\u0442\u0430\u043d\u043e\u0432\u043a\u0438 \u043f\u0440\u043e\u0438\u0437\u0432\u043e\u0434\u044f\u0442\u0441\u044f \u0438 \u043f\u0440\u0435\u0434\u043b\u0430\u0433\u0430\u044e\u0442\u0441\u044f \u043d\u0430\u0448\u0438\u043c \u0434\u0435\u043b\u043e\u0432\u044b\u043c \u043f\u0430\u0440\u0442\u043d\u0435\u0440\u0430\u043c \u0432 \u0441\u043e\u043e\u0442\u0432\u0435\u0442\u0441\u0442\u0432\u0438\u0438 \u0441 \u0437\u0430\u043f\u0440\u043e\u0448\u0435\u043d\u043d\u044b\u043c\u0438 \u0438\u043c\u0438 \u0441\u043f\u0435\u0446\u0438\u0444\u0438\u043a\u0430\u0446\u0438\u044f\u043c\u0438.<\/p>\n\n\n\n<h2 class=\"wp-block-heading has-text-align-center has-accent-3-background-color has-background has-medium-font-size\" style=\"border-radius:0px;border-top-color:var(--wp--preset--color--contrast);border-top-width:5px;border-right-style:none;border-right-width:0px;border-bottom-style:none;border-bottom-width:0px;border-left-style:none;border-left-width:0px\"><strong>\u041d\u0430\u0448\u0435 \u0432\u0438\u0434\u0435\u043d\u0438\u0435<\/strong><\/h2>\n\n\n\n<p class=\"has-text-align-left\">\u041d\u0430\u0448\u0435 \u0432\u0438\u0434\u0435\u043d\u0438\u0435 - \u0431\u044b\u0442\u044c \u043a\u043e\u043c\u043f\u0430\u043d\u0438\u0435\u0439, \u043a\u043e\u0442\u043e\u0440\u0430\u044f \u043e\u0440\u0438\u0435\u043d\u0442\u0438\u0440\u043e\u0432\u0430\u043d\u0430 \u043d\u0430 \u0447\u0435\u043b\u043e\u0432\u0435\u043a\u0430, \u0443\u0432\u0430\u0436\u0438\u0442\u0435\u043b\u044c\u043d\u043e \u043e\u0442\u043d\u043e\u0441\u0438\u0442\u0441\u044f \u043a \u043e\u043a\u0440\u0443\u0436\u0430\u044e\u0449\u0435\u0439 \u0441\u0440\u0435\u0434\u0435, \u0438\u0434\u0435\u0430\u043b\u044c\u043d\u043e \u0443\u0434\u043e\u0432\u043b\u0435\u0442\u0432\u043e\u0440\u044f\u0435\u0442 \u0442\u0440\u0435\u0431\u043e\u0432\u0430\u043d\u0438\u044f \u0441\u0432\u043e\u0438\u0445 \u0434\u0435\u043b\u043e\u0432\u044b\u0445 \u043f\u0430\u0440\u0442\u043d\u0435\u0440\u043e\u0432, \u043f\u043e\u0441\u0442\u043e\u044f\u043d\u043d\u043e \u043f\u0440\u043e\u0438\u0437\u0432\u043e\u0434\u0438\u0442 \u0438 \u0441\u043e\u0437\u0434\u0430\u0435\u0442 \u0434\u043e\u0431\u0430\u0432\u043b\u0435\u043d\u043d\u0443\u044e \u0441\u0442\u043e\u0438\u043c\u043e\u0441\u0442\u044c \u0434\u043b\u044f \u0441\u0432\u043e\u0435\u0439 \u0441\u0442\u0440\u0430\u043d\u044b.<\/p>\n\n\n\n<p class=\"has-text-align-left\">Meg Makina \u0441\u0442\u0440\u0435\u043c\u0438\u0442\u0441\u044f \u043f\u0440\u0435\u0434\u043b\u043e\u0436\u0438\u0442\u044c \u0441\u0432\u043e\u0438\u043c \u0434\u0435\u043b\u043e\u0432\u044b\u043c \u043f\u0430\u0440\u0442\u043d\u0435\u0440\u0430\u043c \u043f\u043e \u0432\u0441\u0435\u043c\u0443 \u043c\u0438\u0440\u0443 \u043f\u0440\u0435\u0432\u043e\u0441\u0445\u043e\u0434\u0441\u0442\u0432\u043e \u0432 \u0438\u043d\u0436\u0435\u043d\u0435\u0440\u043d\u043e\u043c \u0434\u0435\u043b\u0435 \u0438 \u0438\u043d\u043d\u043e\u0432\u0430\u0446\u0438\u043e\u043d\u043d\u044b\u0439 \u043f\u043e\u0434\u0445\u043e\u0434, \u0430 \u0442\u0430\u043a\u0436\u0435 \u0441\u043e\u0437\u0434\u0430\u0432\u0430\u0442\u044c \u0443\u0441\u0442\u043e\u0439\u0447\u0438\u0432\u044b\u0435, \u043d\u0430\u0434\u0435\u0436\u043d\u044b\u0435 \u0438 \u0432\u044b\u0441\u043e\u043a\u043e\u043a\u0430\u0447\u0435\u0441\u0442\u0432\u0435\u043d\u043d\u044b\u0435 \u0440\u0435\u0448\u0435\u043d\u0438\u044f \u0432 \u043a\u0430\u0436\u0434\u043e\u043c \u043f\u0440\u043e\u0435\u043a\u0442\u0435. \u041c\u044b \u0432\u0435\u0440\u0438\u043c, \u0447\u0442\u043e \u0441\u0442\u0430\u043d\u0435\u043c \u043f\u0440\u0435\u0434\u043f\u043e\u0447\u0442\u0438\u0442\u0435\u043b\u044c\u043d\u044b\u043c \u0431\u0440\u0435\u043d\u0434\u043e\u043c \u043d\u0430 \u043c\u0438\u0440\u043e\u0432\u043e\u043c \u0440\u044b\u043d\u043a\u0435, \u0438\u0441\u043f\u043e\u043b\u044c\u0437\u0443\u044f \u043f\u0435\u0440\u0435\u0434\u043e\u0432\u044b\u0435 \u0442\u0435\u0445\u043d\u043e\u043b\u043e\u0433\u0438\u0438 \u043d\u0430\u0438\u0431\u043e\u043b\u0435\u0435 \u044d\u0444\u0444\u0435\u043a\u0442\u0438\u0432\u043d\u044b\u043c \u043e\u0431\u0440\u0430\u0437\u043e\u043c \u0438 \u043f\u043e\u0434\u043f\u0438\u0441\u044b\u0432\u0430\u044f \u043f\u0440\u043e\u0435\u043a\u0442\u044b, \u043a\u043e\u0442\u043e\u0440\u044b\u0435 \u043b\u0438\u0434\u0438\u0440\u0443\u044e\u0442 \u0432 \u043e\u0442\u0440\u0430\u0441\u043b\u0438 \u0432 \u043a\u0430\u0436\u0434\u043e\u0439 \u043e\u0431\u043b\u0430\u0441\u0442\u0438.<\/p>\n\n\n\n<h2 class=\"wp-block-heading has-text-align-center has-accent-3-background-color has-background has-medium-font-size\" style=\"border-radius:0px;border-top-color:var(--wp--preset--color--contrast);border-top-width:5px;border-right-style:none;border-right-width:0px;border-bottom-style:none;border-bottom-width:0px;border-left-style:none;border-left-width:0px\"><strong>\u041d\u0430\u0448\u0430 \u043c\u0438\u0441\u0441\u0438\u044f<\/strong><\/h2>\n\n\n\n<p class=\"has-text-align-left\">\u041d\u0430\u0448\u0430 \u043c\u0438\u0441\u0441\u0438\u044f - \u0441\u0442\u0430\u0442\u044c \u043c\u0435\u0436\u0434\u0443\u043d\u0430\u0440\u043e\u0434\u043d\u043e\u0439 \u043a\u043e\u043c\u043f\u0430\u043d\u0438\u0435\u0439-\u043b\u0438\u0434\u0435\u0440\u043e\u043c \u0432 \u0441\u0432\u043e\u0435\u043c \u0441\u0435\u043a\u0442\u043e\u0440\u0435, \u043a\u043e\u0442\u043e\u0440\u0430\u044f \u043e\u0431\u0435\u0441\u043f\u0435\u0447\u0438\u0432\u0430\u0435\u0442 \u0443\u0441\u0442\u043e\u0439\u0447\u0438\u0432\u043e\u0435 \u043f\u0440\u043e\u0438\u0437\u0432\u043e\u0434\u0441\u0442\u0432\u043e, \u0440\u0430\u0431\u043e\u0442\u0430\u044f \u0431\u0435\u0437 \u043e\u0441\u0442\u0430\u043d\u043e\u0432\u043a\u0438, \u0438 \u0434\u0435\u043b\u0430\u0435\u0442 \u0438\u0445 \u043f\u0440\u0438\u0432\u0438\u043b\u0435\u0433\u0438\u0440\u043e\u0432\u0430\u043d\u043d\u044b\u043c\u0438, \u043f\u0440\u0435\u0434\u043b\u0430\u0433\u0430\u044f \u043a\u0430\u0447\u0435\u0441\u0442\u0432\u043e \u0441\u0432\u043e\u0438\u043c \u0434\u0435\u043b\u043e\u0432\u044b\u043c \u043f\u0430\u0440\u0442\u043d\u0435\u0440\u0430\u043c.<\/p>\n\n\n\n<p class=\"has-text-align-left\">Meg Makina \u0441\u0442\u0440\u0435\u043c\u0438\u0442\u0441\u044f \u043f\u0440\u0435\u0434\u043e\u0441\u0442\u0430\u0432\u043b\u044f\u0442\u044c \u0438\u043d\u0434\u0438\u0432\u0438\u0434\u0443\u0430\u043b\u044c\u043d\u044b\u0435 \u043c\u0430\u0448\u0438\u043d\u043d\u044b\u0435 \u0438 \u043f\u0440\u043e\u0435\u043a\u0442\u043d\u044b\u0435 \u0440\u0435\u0448\u0435\u043d\u0438\u044f, \u043a\u043e\u0442\u043e\u0440\u044b\u0435 \u043d\u0430\u0438\u043b\u0443\u0447\u0448\u0438\u043c \u043e\u0431\u0440\u0430\u0437\u043e\u043c \u043e\u0442\u0432\u0435\u0447\u0430\u044e\u0442 \u043f\u043e\u0442\u0440\u0435\u0431\u043d\u043e\u0441\u0442\u044f\u043c \u0435\u0435 \u0434\u0435\u043b\u043e\u0432\u044b\u0445 \u043f\u0430\u0440\u0442\u043d\u0435\u0440\u043e\u0432. \u041d\u0430\u0448\u0430 \u0446\u0435\u043b\u044c - \u0440\u0435\u0430\u043b\u0438\u0437\u043e\u0432\u044b\u0432\u0430\u0442\u044c \u0441\u0432\u043e\u0435\u0432\u0440\u0435\u043c\u0435\u043d\u043d\u044b\u0435 \u0438 \u043f\u0435\u0440\u0432\u043e\u043a\u043b\u0430\u0441\u0441\u043d\u044b\u0435 \u043f\u0440\u043e\u0435\u043a\u0442\u044b \u0441 \u043d\u0430\u0434\u0435\u0436\u043d\u044b\u043c\u0438 \u0438 \u0432\u044b\u0441\u043e\u043a\u043e\u043a\u0430\u0447\u0435\u0441\u0442\u0432\u0435\u043d\u043d\u044b\u043c\u0438 \u043f\u0440\u043e\u0438\u0437\u0432\u043e\u0434\u0441\u0442\u0432\u0435\u043d\u043d\u044b\u043c\u0438 \u043f\u0440\u043e\u0446\u0435\u0441\u0441\u0430\u043c\u0438, \u0441\u0442\u0430\u0432\u044f \u0432\u043e \u0433\u043b\u0430\u0432\u0443 \u0443\u0433\u043b\u0430 \u0443\u0434\u043e\u0432\u043b\u0435\u0442\u0432\u043e\u0440\u0435\u043d\u043d\u043e\u0441\u0442\u044c \u0434\u0435\u043b\u043e\u0432\u044b\u0445 \u043f\u0430\u0440\u0442\u043d\u0435\u0440\u043e\u0432 \u0432 \u043a\u0430\u0436\u0434\u043e\u043c \u043f\u0440\u043e\u0435\u043a\u0442\u0435, \u0438 \u0431\u044b\u0442\u044c \u0434\u0435\u043b\u043e\u0432\u044b\u043c \u043f\u0430\u0440\u0442\u043d\u0435\u0440\u043e\u043c, \u043f\u043e\u0432\u044b\u0448\u0430\u044e\u0449\u0438\u043c \u0446\u0435\u043d\u043d\u043e\u0441\u0442\u044c \u043e\u0442\u0440\u0430\u0441\u043b\u0438.<\/p>\n\n\n\n<figure class=\"wp-block-image size-large\"><img loading=\"lazy\" decoding=\"async\" width=\"1024\" height=\"353\" src=\"https:\/\/megmakglobal.com\/wp-content\/uploads\/2025\/03\/megmakina-onaylanan-logo2-1024x353.png\" alt=\"\" class=\"wp-image-2011\" srcset=\"https:\/\/megmakglobal.com\/wp-content\/uploads\/2025\/03\/megmakina-onaylanan-logo2-1024x353.png 1024w, https:\/\/megmakglobal.com\/wp-content\/uploads\/2025\/03\/megmakina-onaylanan-logo2-300x104.png 300w, https:\/\/megmakglobal.com\/wp-content\/uploads\/2025\/03\/megmakina-onaylanan-logo2-768x265.png 768w, https:\/\/megmakglobal.com\/wp-content\/uploads\/2025\/03\/megmakina-onaylanan-logo2-1536x530.png 1536w, https:\/\/megmakglobal.com\/wp-content\/uploads\/2025\/03\/megmakina-onaylanan-logo2-18x6.png 18w, https:\/\/megmakglobal.com\/wp-content\/uploads\/2025\/03\/megmakina-onaylanan-logo2.png 2000w\" sizes=\"auto, (max-width: 1024px) 100vw, 1024px\" \/><\/figure>\n\n\n\n<div class=\"wp-block-group has-border-color has-accent-3-border-color is-vertical is-content-justification-center is-layout-flex wp-container-core-group-is-layout-490fa25a wp-block-group-is-layout-flex\" style=\"border-width:1px;padding-top:var(--wp--preset--spacing--20);padding-right:var(--wp--preset--spacing--20);padding-bottom:var(--wp--preset--spacing--20);padding-left:var(--wp--preset--spacing--20)\">\n<div class=\"wp-block-group is-content-justification-left is-layout-flex wp-container-core-group-is-layout-bc8e6f51 wp-block-group-is-layout-flex\">\n<div class=\"wp-block-group is-nowrap is-layout-flex wp-container-core-group-is-layout-6c531013 wp-block-group-is-layout-flex\">\n<div class=\"wp-block-outermost-icon-block\"><div class=\"icon-container has-icon-color has-accent-3-color\" style=\"color:#f7c02d;width:50px;transform:rotate(0deg) scaleX(1) scaleY(1)\"><svg xmlns=\"http:\/\/www.w3.org\/2000\/svg\" viewbox=\"0 0 24 24\" aria-hidden=\"true\"><path fill-rule=\"evenodd\" d=\"M10.289 4.836A1 1 0 0111.275 4h1.306a1 1 0 01.987.836l.244 1.466c.787.26 1.503.679 2.108 1.218l1.393-.522a1 1 0 011.216.437l.653 1.13a1 1 0 01-.23 1.273l-1.148.944a6.025 6.025 0 010 2.435l1.149.946a1 1 0 01.23 1.272l-.653 1.13a1 1 0 01-1.216.437l-1.394-.522c-.605.54-1.32.958-2.108 1.218l-.244 1.466a1 1 0 01-.987.836h-1.306a1 1 0 01-.986-.836l-.244-1.466a5.995 5.995 0 01-2.108-1.218l-1.394.522a1 1 0 01-1.217-.436l-.653-1.131a1 1 0 01.23-1.272l1.149-.946a6.026 6.026 0 010-2.435l-1.148-.944a1 1 0 01-.23-1.272l.653-1.131a1 1 0 011.217-.437l1.393.522a5.994 5.994 0 012.108-1.218l.244-1.466zM14.929 12a3 3 0 11-6 0 3 3 0 016 0z\" clip-rule=\"evenodd\"><\/path><\/svg><\/div><\/div>\n\n\n\n<p class=\"has-accent-3-color has-text-color has-link-color has-large-font-size wp-elements-d3979c8974830ef6c202549ed6064cd3\">\u041e\u043f\u044b\u0442 \u0440\u0430\u0431\u043e\u0442\u044b \u0431\u043e\u043b\u0435\u0435 30 \u043b\u0435\u0442<\/p>\n<\/div>\n<\/div>\n\n\n\n<div class=\"wp-block-group is-layout-flex wp-block-group-is-layout-flex\">\n<div class=\"wp-block-group is-nowrap is-layout-flex wp-container-core-group-is-layout-6c531013 wp-block-group-is-layout-flex\">\n<div class=\"wp-block-outermost-icon-block\"><div class=\"icon-container has-icon-color has-accent-3-color\" style=\"color:#f7c02d;width:50px;transform:rotate(0deg) scaleX(1) scaleY(1)\"><svg xmlns=\"http:\/\/www.w3.org\/2000\/svg\" viewbox=\"0 0 24 24\" aria-hidden=\"true\"><path d=\"M12 3.3c-4.8 0-8.8 3.9-8.8 8.8 0 4.8 3.9 8.8 8.8 8.8 4.8 0 8.8-3.9 8.8-8.8s-4-8.8-8.8-8.8zm6.5 5.5h-2.6C15.4 7.3 14.8 6 14 5c2 .6 3.6 2 4.5 3.8zm.7 3.2c0 .6-.1 1.2-.2 1.8h-2.9c.1-.6.1-1.2.1-1.8s-.1-1.2-.1-1.8H19c.2.6.2 1.2.2 1.8zM12 18.7c-1-.7-1.8-1.9-2.3-3.5h4.6c-.5 1.6-1.3 2.9-2.3 3.5zm-2.6-4.9c-.1-.6-.1-1.1-.1-1.8 0-.6.1-1.2.1-1.8h5.2c.1.6.1 1.1.1 1.8s-.1 1.2-.1 1.8H9.4zM4.8 12c0-.6.1-1.2.2-1.8h2.9c-.1.6-.1 1.2-.1 1.8 0 .6.1 1.2.1 1.8H5c-.2-.6-.2-1.2-.2-1.8zM12 5.3c1 .7 1.8 1.9 2.3 3.5H9.7c.5-1.6 1.3-2.9 2.3-3.5zM10 5c-.8 1-1.4 2.3-1.8 3.8H5.5C6.4 7 8 5.6 10 5zM5.5 15.3h2.6c.4 1.5 1 2.8 1.8 3.7-1.8-.6-3.5-2-4.4-3.7zM14 19c.8-1 1.4-2.2 1.8-3.7h2.6C17.6 17 16 18.4 14 19z\"><\/path><\/svg><\/div><\/div>\n\n\n\n<p class=\"has-accent-3-color has-text-color has-link-color has-large-font-size wp-elements-8e364576efdfa2f87e74cfb7cc5ff7b0\">\u041e\u0431\u0441\u043b\u0443\u0436\u0438\u0432\u0430\u043d\u0438\u0435 \u0432 45+ \u0441\u0442\u0440\u0430\u043d\u0430\u0445<\/p>\n<\/div>\n<\/div>\n\n\n\n<div class=\"wp-block-group is-layout-flex wp-block-group-is-layout-flex\">\n<div class=\"wp-block-group is-nowrap is-layout-flex wp-container-core-group-is-layout-6c531013 wp-block-group-is-layout-flex\">\n<div class=\"wp-block-outermost-icon-block\"><div class=\"icon-container has-icon-color has-accent-3-color\" style=\"color:#f7c02d;width:50px;transform:rotate(0deg) scaleX(1) scaleY(1)\"><svg xmlns=\"http:\/\/www.w3.org\/2000\/svg\" width=\"16\" height=\"16\" fill=\"currentColor\" class=\"bi bi-person-check-fill\" viewbox=\"0 0 16 16\"><path fill-rule=\"evenodd\" d=\"M15.854 5.146a.5.5 0 0 1 0 .708l-3 3a.5.5 0 0 1-.708 0l-1.5-1.5a.5.5 0 0 1 .708-.708L12.5 7.793l2.646-2.647a.5.5 0 0 1 .708 0\"><\/path><path d=\"M1 14s-1 0-1-1 1-4 6-4 6 3 6 4-1 1-1 1zm5-6a3 3 0 1 0 0-6 3 3 0 0 0 0 6\"><\/path><\/svg><\/div><\/div>\n\n\n\n<p class=\"has-accent-3-color has-text-color has-link-color has-large-font-size wp-elements-591b6bcb405f788703ca5b260ba12bc9\">75+ \u041a\u043e\u043b\u0438\u0447\u0435\u0441\u0442\u0432\u043e \u0441\u043e\u0442\u0440\u0443\u0434\u043d\u0438\u043a\u043e\u0432<\/p>\n<\/div>\n<\/div>\n\n\n\n<div class=\"wp-block-group is-layout-flex wp-block-group-is-layout-flex\">\n<div class=\"wp-block-group is-nowrap is-layout-flex wp-container-core-group-is-layout-6c531013 wp-block-group-is-layout-flex\">\n<div class=\"wp-block-outermost-icon-block\"><div class=\"icon-container has-icon-color has-accent-3-color\" style=\"color:#f7c02d;width:50px;transform:rotate(0deg) scaleX(1) scaleY(1)\"><svg xmlns=\"http:\/\/www.w3.org\/2000\/svg\" width=\"16\" height=\"16\" fill=\"currentColor\" class=\"bi bi-buildings\" viewbox=\"0 0 16 16\"><path d=\"M14.763.075A.5.5 0 0 1 15 .5v15a.5.5 0 0 1-.5.5h-3a.5.5 0 0 1-.5-.5V14h-1v1.5a.5.5 0 0 1-.5.5h-9a.5.5 0 0 1-.5-.5V10a.5.5 0 0 1 .342-.474L6 7.64V4.5a.5.5 0 0 1 .276-.447l8-4a.5.5 0 0 1 .487.022M6 8.694 1 10.36V15h5zM7 15h2v-1.5a.5.5 0 0 1 .5-.5h2a.5.5 0 0 1 .5.5V15h2V1.309l-7 3.5z\"><\/path><path d=\"M2 11h1v1H2zm2 0h1v1H4zm-2 2h1v1H2zm2 0h1v1H4zm4-4h1v1H8zm2 0h1v1h-1zm-2 2h1v1H8zm2 0h1v1h-1zm2-2h1v1h-1zm0 2h1v1h-1zM8 7h1v1H8zm2 0h1v1h-1zm2 0h1v1h-1zM8 5h1v1H8zm2 0h1v1h-1zm2 0h1v1h-1zm0-2h1v1h-1z\"><\/path><\/svg><\/div><\/div>\n\n\n\n<p class=\"has-accent-3-color has-text-color has-link-color has-large-font-size wp-elements-65a306d8fd0660fd4a0e8bb681cdc724\">5000+ \u041e\u0431\u043e\u0440\u0443\u0434\u043e\u0432\u0430\u043d\u0438\u0435 \u0438 \u043c\u0430\u0448\u0438\u043d\u044b<\/p>\n<\/div>\n<\/div>\n\n\n\n<p class=\"has-text-align-center has-accent-3-color has-text-color has-link-color has-medium-font-size wp-elements-8188207c05a0ba1630aaeb3345dfd14c\"><strong>\u041f\u0440\u043e\u0438\u0437\u0432\u043e\u0434\u0441\u0442\u0432\u043e \u043d\u0430 \u0443\u0440\u043e\u0432\u043d\u0435 \u043c\u0435\u0436\u0434\u0443\u043d\u0430\u0440\u043e\u0434\u043d\u044b\u0445 \u0441\u0442\u0430\u043d\u0434\u0430\u0440\u0442\u043e\u0432 \u0441 \u043e\u043f\u044b\u0442\u043e\u043c \u0438 \u043d\u043e\u0443-\u0445\u0430\u0443<\/strong>!!!<\/p>\n<\/div>\n\n\n\n<div class=\"wp-block-buttons is-content-justification-center is-layout-flex wp-container-core-buttons-is-layout-a89b3969 wp-block-buttons-is-layout-flex\">\n<div class=\"wp-block-button is-style-outline is-style-outline--1\"><a class=\"wp-block-button__link has-accent-3-background-color has-background wp-element-button\" href=\"https:\/\/megmakglobal.com\/en\/iletisim\/\">\u0421\u0432\u044f\u0437\u0430\u0442\u044c\u0441\u044f \u0441<\/a><\/div>\n<\/div>\n\n\n\n<div class=\"wp-block-outermost-icon-block items-justified-center\"><a class=\"icon-container\" href=\"https:\/\/tr.linkedin.com\/company\/meg-maki%CC%87na-global?original_referer=https%3A%2F%2Fmegmakglobal.com%2F\" style=\"width:48px;transform:rotate(0deg) scaleX(1) scaleY(1)\"><svg xmlns=\"http:\/\/www.w3.org\/2000\/svg\" viewbox=\"0 0 24 24\" aria-hidden=\"true\"><path d=\"M19.647,16.706a1.134,1.134,0,0,0-.343-.833l-2.549-2.549a1.134,1.134,0,0,0-.833-.343,1.168,1.168,0,0,0-.883.392l.233.226q.2.189.264.264a2.922,2.922,0,0,1,.184.233.986.986,0,0,1,.159.312,1.242,1.242,0,0,1,.043.337,1.172,1.172,0,0,1-1.176,1.176,1.237,1.237,0,0,1-.337-.043,1,1,0,0,1-.312-.159,2.76,2.76,0,0,1-.233-.184q-.073-.068-.264-.264l-.226-.233a1.19,1.19,0,0,0-.4.895,1.134,1.134,0,0,0,.343.833L15.837,19.3a1.13,1.13,0,0,0,.833.331,1.18,1.18,0,0,0,.833-.318l1.8-1.789a1.12,1.12,0,0,0,.343-.821Zm-8.615-8.64a1.134,1.134,0,0,0-.343-.833L8.163,4.7a1.134,1.134,0,0,0-.833-.343,1.184,1.184,0,0,0-.833.331L4.7,6.473a1.12,1.12,0,0,0-.343.821,1.134,1.134,0,0,0,.343.833l2.549,2.549a1.13,1.13,0,0,0,.833.331,1.184,1.184,0,0,0,.883-.38L8.728,10.4q-.2-.189-.264-.264A2.922,2.922,0,0,1,8.28,9.9a.986.986,0,0,1-.159-.312,1.242,1.242,0,0,1-.043-.337A1.172,1.172,0,0,1,9.254,8.079a1.237,1.237,0,0,1,.337.043,1,1,0,0,1,.312.159,2.761,2.761,0,0,1,.233.184q.073.068.264.264l.226.233a1.19,1.19,0,0,0,.4-.895ZM22,16.706a3.343,3.343,0,0,1-1.042,2.488l-1.8,1.789a3.536,3.536,0,0,1-4.988-.025l-2.525-2.537a3.384,3.384,0,0,1-1.017-2.488,3.448,3.448,0,0,1,1.078-2.561l-1.078-1.078a3.434,3.434,0,0,1-2.549,1.078,3.4,3.4,0,0,1-2.5-1.029L3.029,9.794A3.4,3.4,0,0,1,2,7.294,3.343,3.343,0,0,1,3.042,4.806l1.8-1.789A3.384,3.384,0,0,1,7.331,2a3.357,3.357,0,0,1,2.5,1.042l2.525,2.537a3.384,3.384,0,0,1,1.017,2.488,3.448,3.448,0,0,1-1.078,2.561l1.078,1.078a3.551,3.551,0,0,1,5.049-.049l2.549,2.549A3.4,3.4,0,0,1,22,16.706Z\"><\/path><\/svg><\/a><\/div>","protected":false},"excerpt":{"rendered":"<p>Hakk\u0131m\u0131zda; Meg Makina Asfalt Plenti &amp; Ekipmanlar\u0131 ve Beton Santrali &amp; Ekipmanlar\u0131 \u00dcretim faaliyetlerine 1990 y\u0131l\u0131nda ba\u015flayan Meg Makina, deneyimli personeli, g\u00fc\u00e7l\u00fc altyap\u0131s\u0131 ve inovasyona olan inanc\u0131 ile \u00fcretim g\u00f6sterdi\u011fi sekt\u00f6rlerde \u00f6nc\u00fc konuma gelmi\u015ftir. \u00dcretiminin her a\u015famas\u0131nda kalite kontrol denetimlerini titizlikle yerine getiren Meg Makina tecr\u00fcbe, kalite, g\u00fcven ve memnuniyet olgular\u0131n\u0131 kendisine ilke edinmi\u015f olup, [&hellip;]<\/p>\n","protected":false},"author":1,"featured_media":442,"parent":0,"menu_order":0,"comment_status":"closed","ping_status":"closed","template":"","meta":{"om_disable_all_campaigns":false,"footnotes":""},"class_list":["post-54","page","type-page","status-publish","has-post-thumbnail","hentry"],"aioseo_notices":[],"_links":{"self":[{"href":"https:\/\/megmakglobal.com\/ru\/wp-json\/wp\/v2\/pages\/54","targetHints":{"allow":["GET"]}}],"collection":[{"href":"https:\/\/megmakglobal.com\/ru\/wp-json\/wp\/v2\/pages"}],"about":[{"href":"https:\/\/megmakglobal.com\/ru\/wp-json\/wp\/v2\/types\/page"}],"author":[{"embeddable":true,"href":"https:\/\/megmakglobal.com\/ru\/wp-json\/wp\/v2\/users\/1"}],"replies":[{"embeddable":true,"href":"https:\/\/megmakglobal.com\/ru\/wp-json\/wp\/v2\/comments?post=54"}],"version-history":[{"count":17,"href":"https:\/\/megmakglobal.com\/ru\/wp-json\/wp\/v2\/pages\/54\/revisions"}],"predecessor-version":[{"id":2015,"href":"https:\/\/megmakglobal.com\/ru\/wp-json\/wp\/v2\/pages\/54\/revisions\/2015"}],"wp:featuredmedia":[{"embeddable":true,"href":"https:\/\/megmakglobal.com\/ru\/wp-json\/wp\/v2\/media\/442"}],"wp:attachment":[{"href":"https:\/\/megmakglobal.com\/ru\/wp-json\/wp\/v2\/media?parent=54"}],"curies":[{"name":"wp","href":"https:\/\/api.w.org\/{rel}","templated":true}]}}